{"id":5729,"date":"2023-04-17T11:14:10","date_gmt":"2023-04-17T04:14:10","guid":{"rendered":"https:\/\/www.nrkproperty.com\/?page_id=5729"},"modified":"2023-09-13T12:03:13","modified_gmt":"2023-09-13T05:03:13","slug":"portfolio","status":"publish","type":"page","link":"https:\/\/www.nrkproperty.com\/th\/portfolio\/","title":{"rendered":"\u0e1c\u0e25\u0e07\u0e32\u0e19"},"content":{"rendered":"<div data-elementor-type=\"wp-page\" data-elementor-id=\"5729\" class=\"elementor elementor-5729\" data-elementor-post-type=\"page\">\n\t\t\t\t\t\t\t\t\t<section class=\"elementor-section elementor-top-section elementor-element elementor-element-a278138 elementor-section-boxed elementor-section-height-default elementor-section-height-default\" data-id=\"a278138\" data-element_type=\"section\">\n\t\t\t\t\t\t<div class=\"elementor-container elementor-column-gap-default\">\n\t\t\t\t\t<div class=\"elementor-column elementor-col-100 elementor-top-column elementor-element elementor-element-2ecd8fd\" data-id=\"2ecd8fd\" data-element_type=\"column\">\n\t\t\t<div class=\"elementor-widget-wrap elementor-element-populated\">\n\t\t\t\t\t\t\t\t<div class=\"elementor-element elementor-element-4066839 elementor-widget elementor-widget-heading\" data-id=\"4066839\" data-element_type=\"widget\" data-widget_type=\"heading.default\">\n\t\t\t\t<div class=\"elementor-widget-container\">\n\t\t\t<style>\/*! elementor - v3.16.0 - 13-09-2023 *\/\n.elementor-heading-title{padding:0;margin:0;line-height:1}.elementor-widget-heading .elementor-heading-title[class*=elementor-size-]>a{color:inherit;font-size:inherit;line-height:inherit}.elementor-widget-heading .elementor-heading-title.elementor-size-small{font-size:15px}.elementor-widget-heading .elementor-heading-title.elementor-size-medium{font-size:19px}.elementor-widget-heading .elementor-heading-title.elementor-size-large{font-size:29px}.elementor-widget-heading .elementor-heading-title.elementor-size-xl{font-size:39px}.elementor-widget-heading .elementor-heading-title.elementor-size-xxl{font-size:59px}<\/style><h3 class=\"elementor-heading-title elementor-size-default\">\u0e1a\u0e17\u0e04\u0e27\u0e32\u0e21\u0e41\u0e25\u0e30\u0e02\u0e48\u0e32\u0e27\u0e2a\u0e32\u0e23\u0e14\u0e35\u0e46\u0e08\u0e32\u0e01\u0e40\u0e23\u0e32<\/h3>\t\t<\/div>\n\t\t\t\t<\/div>\n\t\t\t\t<div class=\"elementor-element elementor-element-7a7f742 elementor-widget elementor-widget-heading\" data-id=\"7a7f742\" data-element_type=\"widget\" data-widget_type=\"heading.default\">\n\t\t\t\t<div class=\"elementor-widget-container\">\n\t\t\t<p class=\"elementor-heading-title elementor-size-default\">\u0e07\u0e32\u0e19\u0e02\u0e32\u0e22\u0e1e\u0e23\u0e34\u0e01\u0e21\u0e32\u0e01\u0e01\u0e27\u0e48\u0e3210\u0e1b\u0e35\u0e02\u0e2d\u0e07\u0e1a\u0e23\u0e34\u0e29\u0e31\u0e17\u0e02\u0e32\u0e22\u0e17\u0e23\u0e31\u0e1e\u0e22\u0e4c\u0e2a\u0e39\u0e07\u0e2a\u0e38\u0e14\u0e20\u0e32\u0e22\u0e43\u0e19 3 \u0e27\u0e31\u0e19<\/p>\t\t<\/div>\n\t\t\t\t<\/div>\n\t\t\t\t<div class=\"elementor-element elementor-element-e2026a1 elementor-grid-3 elementor-grid-tablet-2 elementor-grid-mobile-1 elementor-posts--thumbnail-top elementor-widget elementor-widget-posts\" data-id=\"e2026a1\" data-element_type=\"widget\" data-settings=\"{&quot;pagination_type&quot;:&quot;numbers_and_prev_next&quot;,&quot;classic_columns&quot;:&quot;3&quot;,&quot;classic_columns_tablet&quot;:&quot;2&quot;,&quot;classic_columns_mobile&quot;:&quot;1&quot;,&quot;classic_row_gap&quot;:{&quot;unit&quot;:&quot;px&quot;,&quot;size&quot;:35,&quot;sizes&quot;:[]},&quot;classic_row_gap_tablet&quot;:{&quot;unit&quot;:&quot;px&quot;,&quot;size&quot;:&quot;&quot;,&quot;sizes&quot;:[]},&quot;classic_row_gap_mobile&quot;:{&quot;unit&quot;:&quot;px&quot;,&quot;size&quot;:&quot;&quot;,&quot;sizes&quot;:[]}}\" data-widget_type=\"posts.classic\">\n\t\t\t\t<div class=\"elementor-widget-container\">\n\t\t\t<link rel=\"stylesheet\" href=\"https:\/\/www.nrkproperty.com\/wp-content\/plugins\/elementor-pro\/assets\/css\/widget-posts.min.css\">\t\t<div class=\"elementor-posts-container elementor-posts elementor-posts--skin-classic elementor-grid\">\n\t\t\t\t<article class=\"elementor-post elementor-grid-item post-12460 post type-post status-publish format-standard has-post-thumbnail hentry category-promotion category-homeslide\">\n\t\t\t\t<a class=\"elementor-post__thumbnail__link\" href=\"https:\/\/www.nrkproperty.com\/th\/slide3\/\" tabindex=\"-1\" >\n\t\t\t<div class=\"elementor-post__thumbnail\"><img loading=\"lazy\" decoding=\"async\" width=\"1920\" height=\"731\" src=\"https:\/\/www.nrkproperty.com\/wp-content\/uploads\/2023\/06\/banner1-2.webp\" class=\"attachment-full size-full wp-image-15304\" alt=\"\" srcset=\"https:\/\/www.nrkproperty.com\/wp-content\/uploads\/2023\/06\/banner1-2.webp 1920w, https:\/\/www.nrkproperty.com\/wp-content\/uploads\/2023\/06\/banner1-2-300x114.webp 300w, https:\/\/www.nrkproperty.com\/wp-content\/uploads\/2023\/06\/banner1-2-1024x390.webp 1024w, https:\/\/www.nrkproperty.com\/wp-content\/uploads\/2023\/06\/banner1-2-768x292.webp 768w, https:\/\/www.nrkproperty.com\/wp-content\/uploads\/2023\/06\/banner1-2-1536x585.webp 1536w\" sizes=\"auto, (max-width: 1920px) 100vw, 1920px\" \/><\/div>\n\t\t<\/a>\n\t\t\t\t<div class=\"elementor-post__text\">\n\t\t\t\t<h3 class=\"elementor-post__title\">\n\t\t\t<a href=\"https:\/\/www.nrkproperty.com\/th\/slide3\/\" >\n\t\t\t\tslide3\t\t\t<\/a>\n\t\t<\/h3>\n\t\t\t\t<div class=\"elementor-post__meta-data\">\n\t\t\t\t\t<span class=\"elementor-post-date\">\n\t\t\t10 \u0e21\u0e01\u0e23\u0e32\u0e04\u0e21 2024\t\t<\/span>\n\t\t\t\t<\/div>\n\t\t\t\t<div class=\"elementor-post__excerpt\">\n\t\t\t\t\t<\/div>\n\t\t\n\t\t<a class=\"elementor-post__read-more\" href=\"https:\/\/www.nrkproperty.com\/th\/slide3\/\" aria-label=\"Read more about slide3\" tabindex=\"-1\" >\n\t\t\t\u0e2d\u0e48\u0e32\u0e19\u0e40\u0e1e\u0e34\u0e48\u0e21\u0e40\u0e15\u0e34\u0e21 &quot;\t\t<\/a>\n\n\t\t\t\t<\/div>\n\t\t\t\t<\/article>\n\t\t\t\t<article class=\"elementor-post elementor-grid-item post-12022 post type-post status-publish format-standard has-post-thumbnail hentry category-promotion category-homeslide\">\n\t\t\t\t<a class=\"elementor-post__thumbnail__link\" href=\"https:\/\/www.nrkproperty.com\/th\/12022-2\/\" tabindex=\"-1\" >\n\t\t\t<div class=\"elementor-post__thumbnail\"><img loading=\"lazy\" decoding=\"async\" width=\"1920\" height=\"731\" src=\"https:\/\/www.nrkproperty.com\/wp-content\/uploads\/2024\/01\/banner2.webp\" class=\"attachment-full size-full wp-image-15305\" alt=\"\" srcset=\"https:\/\/www.nrkproperty.com\/wp-content\/uploads\/2024\/01\/banner2.webp 1920w, https:\/\/www.nrkproperty.com\/wp-content\/uploads\/2024\/01\/banner2-300x114.webp 300w, https:\/\/www.nrkproperty.com\/wp-content\/uploads\/2024\/01\/banner2-1024x390.webp 1024w, https:\/\/www.nrkproperty.com\/wp-content\/uploads\/2024\/01\/banner2-768x292.webp 768w, https:\/\/www.nrkproperty.com\/wp-content\/uploads\/2024\/01\/banner2-1536x585.webp 1536w\" sizes=\"auto, (max-width: 1920px) 100vw, 1920px\" \/><\/div>\n\t\t<\/a>\n\t\t\t\t<div class=\"elementor-post__text\">\n\t\t\t\t<h3 class=\"elementor-post__title\">\n\t\t\t<a href=\"https:\/\/www.nrkproperty.com\/th\/12022-2\/\" >\n\t\t\t\tSlide 2\t\t\t<\/a>\n\t\t<\/h3>\n\t\t\t\t<div class=\"elementor-post__meta-data\">\n\t\t\t\t\t<span class=\"elementor-post-date\">\n\t\t\t8 \u0e21\u0e01\u0e23\u0e32\u0e04\u0e21 2024\t\t<\/span>\n\t\t\t\t<\/div>\n\t\t\t\t<div class=\"elementor-post__excerpt\">\n\t\t\t\t\t<\/div>\n\t\t\n\t\t<a class=\"elementor-post__read-more\" href=\"https:\/\/www.nrkproperty.com\/th\/12022-2\/\" aria-label=\"Read more about Slide 2\" tabindex=\"-1\" >\n\t\t\t\u0e2d\u0e48\u0e32\u0e19\u0e40\u0e1e\u0e34\u0e48\u0e21\u0e40\u0e15\u0e34\u0e21 &quot;\t\t<\/a>\n\n\t\t\t\t<\/div>\n\t\t\t\t<\/article>\n\t\t\t\t<article class=\"elementor-post elementor-grid-item post-17677 post type-post status-publish format-standard hentry category-uncategorized\">\n\t\t\t\t<div class=\"elementor-post__text\">\n\t\t\t\t<h3 class=\"elementor-post__title\">\n\t\t\t<a href=\"https:\/\/www.nrkproperty.com\/th\/stonevegas-casino-ein-technischer-deep-dive-in-app-setup-bonusmathematik-und-problembehebung\/\" >\n\t\t\t\tStoneVegas Casino: Ein technischer Deep Dive in App-Setup, Bonusmathematik und Problembehebung\t\t\t<\/a>\n\t\t<\/h3>\n\t\t\t\t<div class=\"elementor-post__meta-data\">\n\t\t\t\t\t<span class=\"elementor-post-date\">\n\t\t\t27 \u0e15\u0e38\u0e25\u0e32\u0e04\u0e21 2018\t\t<\/span>\n\t\t\t\t<\/div>\n\t\t\t\t<div class=\"elementor-post__excerpt\">\n\t\t\t<p>Willkommen bei StoneVegas Casino, einer Online-Gl\u00fccksspielplattform, die f\u00fcr ihre vielf\u00e4ltigen Spieloptionen und Benutzerfreundlichkeit bekannt ist. Dieser Leitfaden bietet eine detaillierte Anleitung, um das Beste aus Ihrem Erlebnis zu machen. Besuchen Sie https:\/\/stonevegascasino.de.com\/ f\u00fcr direkten Zugang und aktuelle Angebote. Wir decken alles von der Registrierung bis zur Auszahlung ab, mit Fokus auf technische Aspekte wie die Mobile App und Bonusberechnungen. Bevor Sie beginnen: Checkliste Stellen Sie sicher, dass Sie folgende Punkte erf\u00fcllen, um reibungslos zu starten: Sie sind mindestens 18 Jahre alt und in einer Region ans\u00e4ssig, in der Online-Gl\u00fccksspiel legal ist. Sie haben ein g\u00fcltiges Zahlungsmittel (z.B. Kreditkarte oder E-Wallet)<\/p>\n\t\t<\/div>\n\t\t\n\t\t<a class=\"elementor-post__read-more\" href=\"https:\/\/www.nrkproperty.com\/th\/stonevegas-casino-ein-technischer-deep-dive-in-app-setup-bonusmathematik-und-problembehebung\/\" aria-label=\"Read more about StoneVegas Casino: Ein technischer Deep Dive in App-Setup, Bonusmathematik und Problembehebung\" tabindex=\"-1\" >\n\t\t\t\u0e2d\u0e48\u0e32\u0e19\u0e40\u0e1e\u0e34\u0e48\u0e21\u0e40\u0e15\u0e34\u0e21 &quot;\t\t<\/a>\n\n\t\t\t\t<\/div>\n\t\t\t\t<\/article>\n\t\t\t\t<article class=\"elementor-post elementor-grid-item post-17540 post type-post status-publish format-standard hentry category-uncategorized\">\n\t\t\t\t<div class=\"elementor-post__text\">\n\t\t\t\t<h3 class=\"elementor-post__title\">\n\t\t\t<a href=\"https:\/\/www.nrkproperty.com\/th\/jak-skutecznie-korzystac-z-platformy-efortuna\/\" >\n\t\t\t\tJak Skutecznie Korzysta\u0107 z Platformy Efortuna\t\t\t<\/a>\n\t\t<\/h3>\n\t\t\t\t<div class=\"elementor-post__meta-data\">\n\t\t\t\t\t<span class=\"elementor-post-date\">\n\t\t\t26 \u0e15\u0e38\u0e25\u0e32\u0e04\u0e21 2018\t\t<\/span>\n\t\t\t\t<\/div>\n\t\t\t\t<div class=\"elementor-post__excerpt\">\n\t\t\t<p>Platforma Efortuna to jedno z najpopularniejszych miejsc w Polsce dla mi\u0142o\u015bnik\u00f3w zak\u0142ad\u00f3w bukmacherskich i gier online. Dzi\u0119ki rozbudowanemu zakresowi us\u0142ug, u\u017cytkownicy maj\u0105 mo\u017cliwo\u015b\u0107 cieszenia si\u0119 r\u00f3\u017cnorodno\u015bci\u0105 ofert i do\u015bwiadcze\u0144 zwi\u0105zanych z grami hazardowymi w internecie. Rejestracja i Efortuna Login Aby w pe\u0142ni korzysta\u0107 z mo\u017cliwo\u015bci oferowanych przez Efortuna, niezb\u0119dne jest za\u0142o\u017cenie konta u\u017cytkownika. Proces rejestracji jest prosty i intuicyjny, wymagaj\u0105cy jedynie podstawowych informacji osobistych, takich jak imi\u0119, nazwisko, data urodzenia oraz adres e-mail. Po zarejestrowaniu i potwierdzeniu to\u017csamo\u015bci, nowi u\u017cytkownicy mog\u0105 przyst\u0105pi\u0107 do logowania za pomoc\u0105 opcji efortuna login, co zapewnia dost\u0119p do ca\u0142ego spektrum us\u0142ug bukmacherskich. Logowanie odbywa si\u0119<\/p>\n\t\t<\/div>\n\t\t\n\t\t<a class=\"elementor-post__read-more\" href=\"https:\/\/www.nrkproperty.com\/th\/jak-skutecznie-korzystac-z-platformy-efortuna\/\" aria-label=\"Read more about Jak Skutecznie Korzysta\u0107 z Platformy Efortuna\" tabindex=\"-1\" >\n\t\t\t\u0e2d\u0e48\u0e32\u0e19\u0e40\u0e1e\u0e34\u0e48\u0e21\u0e40\u0e15\u0e34\u0e21 &quot;\t\t<\/a>\n\n\t\t\t\t<\/div>\n\t\t\t\t<\/article>\n\t\t\t\t<article class=\"elementor-post elementor-grid-item post-17562 post type-post status-publish format-standard hentry category-uncategorized\">\n\t\t\t\t<div class=\"elementor-post__text\">\n\t\t\t\t<h3 class=\"elementor-post__title\">\n\t\t\t<a href=\"https:\/\/www.nrkproperty.com\/th\/jak-skorzystac-z-promocji-i-bonusow-w-lvbet-casino\/\" >\n\t\t\t\tJak Skorzysta\u0107 z Promocji i Bonus\u00f3w w Lvbet Casino?\t\t\t<\/a>\n\t\t<\/h3>\n\t\t\t\t<div class=\"elementor-post__meta-data\">\n\t\t\t\t\t<span class=\"elementor-post-date\">\n\t\t\t22 \u0e15\u0e38\u0e25\u0e32\u0e04\u0e21 2018\t\t<\/span>\n\t\t\t\t<\/div>\n\t\t\t\t<div class=\"elementor-post__excerpt\">\n\t\t\t<p>Lvbet Casino to jedno z popularnych miejsc dla mi\u0142o\u015bnik\u00f3w gier hazardowych w Polsce. W\u015br\u00f3d r\u00f3\u017cnych mo\u017cliwo\u015bci oferowanych przez to kasyno online, wyr\u00f3\u017cnia si\u0119 szeroka paleta bonus\u00f3w i promocji. Niezale\u017cnie od tego, czy jeste\u015b nowym graczem, czy do\u015bwiadczonym weteranem, z pewno\u015bci\u0105 znajdziesz co\u015b, co przyci\u0105gnie Twoj\u0105 uwag\u0119. Ale jak dok\u0142adnie skorzysta\u0107 z tych bonus\u00f3w i co warto wiedzie\u0107, \u017ceby maksymalnie z nich korzysta\u0107? Czym S\u0105 Bonusy w Lvbet Casino? Bonusy w Lvbet Casino to r\u00f3\u017cnorodne promocje stworzone z my\u015bl\u0105 o nagradzaniu graczy za ich lojalno\u015b\u0107 lub zach\u0119caniu nowych u\u017cytkownik\u00f3w do rejestracji. Mo\u017cemy spotka\u0107 si\u0119 z bonusami powitalnymi, darmowymi spinami, jak r\u00f3wnie\u017c<\/p>\n\t\t<\/div>\n\t\t\n\t\t<a class=\"elementor-post__read-more\" href=\"https:\/\/www.nrkproperty.com\/th\/jak-skorzystac-z-promocji-i-bonusow-w-lvbet-casino\/\" aria-label=\"Read more about Jak Skorzysta\u0107 z Promocji i Bonus\u00f3w w Lvbet Casino?\" tabindex=\"-1\" >\n\t\t\t\u0e2d\u0e48\u0e32\u0e19\u0e40\u0e1e\u0e34\u0e48\u0e21\u0e40\u0e15\u0e34\u0e21 &quot;\t\t<\/a>\n\n\t\t\t\t<\/div>\n\t\t\t\t<\/article>\n\t\t\t\t<article class=\"elementor-post elementor-grid-item post-17566 post type-post status-publish format-standard hentry category-uncategorized\">\n\t\t\t\t<div class=\"elementor-post__text\">\n\t\t\t\t<h3 class=\"elementor-post__title\">\n\t\t\t<a href=\"https:\/\/www.nrkproperty.com\/th\/hoe-je-kunt-profiteren-van-de-unibet-bonus-en-meer-over-de-unibet-app\/\" >\n\t\t\t\tHoe je kunt profiteren van de UniBet Bonus en Meer over de UniBet App\t\t\t<\/a>\n\t\t<\/h3>\n\t\t\t\t<div class=\"elementor-post__meta-data\">\n\t\t\t\t\t<span class=\"elementor-post-date\">\n\t\t\t16 \u0e15\u0e38\u0e25\u0e32\u0e04\u0e21 2018\t\t<\/span>\n\t\t\t\t<\/div>\n\t\t\t\t<div class=\"elementor-post__excerpt\">\n\t\t\t<p>De wereld van online casino&#8217;s kan overweldigend zijn, vooral als er zoveel opties beschikbaar zijn. UniBet staat bekend als een van de toonaangevende platforms in Nederland. Of je nu een beginnende speler bent die op zoek is naar de beste bonussen, of een doorgewinterde gokker die de voordelen van mobiele apps wil benutten, UniBet heeft een uitgebreid aanbod voor jou. Inleiding tot UniBet en de Voordelen van de UniBet Bonus UniBet is een van de meest gerenommeerde online casino&#8217;s ter wereld, met licenties in meerdere jurisdicties, waaronder nu ook Nederland. Spelers worden aangetrokken door de uitgebreide reeks spellen en de<\/p>\n\t\t<\/div>\n\t\t\n\t\t<a class=\"elementor-post__read-more\" href=\"https:\/\/www.nrkproperty.com\/th\/hoe-je-kunt-profiteren-van-de-unibet-bonus-en-meer-over-de-unibet-app\/\" aria-label=\"Read more about Hoe je kunt profiteren van de UniBet Bonus en Meer over de UniBet App\" tabindex=\"-1\" >\n\t\t\t\u0e2d\u0e48\u0e32\u0e19\u0e40\u0e1e\u0e34\u0e48\u0e21\u0e40\u0e15\u0e34\u0e21 &quot;\t\t<\/a>\n\n\t\t\t\t<\/div>\n\t\t\t\t<\/article>\n\t\t\t\t<\/div>\n\t\t\n\t\t\t\t<div class=\"e-load-more-anchor\" data-page=\"1\" data-max-page=\"16\" data-next-page=\"https:\/\/www.nrkproperty.com\/th\/wp-json\/wp\/v2\/pages\/5729\/page\/2\/\"><\/div>\n\t\t\t\t<nav class=\"elementor-pagination\" aria-label=\"Pagination\">\n\t\t\t<span class=\"page-numbers prev\">&quot; \u0e01\u0e48\u0e2d\u0e19\u0e2b\u0e19\u0e49\u0e32<\/span>\n<span aria-current=\"page\" class=\"page-numbers current\"><span class=\"elementor-screen-only\">Page<\/span>1<\/span>\n<a class=\"page-numbers\" href=\"https:\/\/www.nrkproperty.com\/th\/wp-json\/wp\/v2\/pages\/5729\/page\/2\/\"><span class=\"elementor-screen-only\">Page<\/span>2<\/a>\n<a class=\"page-numbers\" href=\"https:\/\/www.nrkproperty.com\/th\/wp-json\/wp\/v2\/pages\/5729\/page\/3\/\"><span class=\"elementor-screen-only\">Page<\/span>3<\/a>\n<a class=\"page-numbers\" href=\"https:\/\/www.nrkproperty.com\/th\/wp-json\/wp\/v2\/pages\/5729\/page\/4\/\"><span class=\"elementor-screen-only\">Page<\/span>4<\/a>\n<a class=\"page-numbers\" href=\"https:\/\/www.nrkproperty.com\/th\/wp-json\/wp\/v2\/pages\/5729\/page\/5\/\"><span class=\"elementor-screen-only\">Page<\/span>5<\/a>\n<a class=\"page-numbers next\" href=\"https:\/\/www.nrkproperty.com\/th\/wp-json\/wp\/v2\/pages\/5729\/page\/2\/\">\u0e15\u0e48\u0e2d\u0e44\u0e1b &quot;<\/a>\t\t<\/nav>\n\t\t\t\t<\/div>\n\t\t\t\t<\/div>\n\t\t\t\t\t<\/div>\n\t\t<\/div>\n\t\t\t\t\t\t\t<\/div>\n\t\t<\/section>\n\t\t\t\t\t\t\t<\/div>","protected":false},"excerpt":{"rendered":"<p>\u0e1a\u0e17\u0e04\u0e27\u0e32\u0e21 \u0e41\u0e25\u0e30\u0e02\u0e48\u0e32\u0e27\u0e2a\u0e32\u0e23\u0e14\u0e35\u0e46\u0e08\u0e32\u0e01\u0e40\u0e23\u0e32 \u0e1b\u0e23\u0e30\u0e2a\u0e1a\u0e01\u0e32\u0e23\u0e13\u0e4c\u0e07\u0e32\u0e19\u0e02\u0e32\u0e22\u0e17\u0e23\u0e31\u0e1e\u0e21\u0e32\u0e01\u0e01\u0e27\u0e48\u0e3210\u0e1b\u0e35 \u0e43\u0e0a\u0e49\u0e40\u0e27\u0e25\u0e32\u0e02\u0e32\u0e22\u0e17\u0e23\u0e31\u0e1e\u0e22\u0e4c\u0e23\u0e27\u0e14\u0e40\u0e23\u0e47\u0e27 \u0e2a\u0e39\u0e07\u0e2a\u0e38\u0e14\u0e20\u0e32\u0e22\u0e43\u0e19 3 \u0e27\u0e31\u0e19<\/p>","protected":false},"author":3,"featured_media":0,"parent":0,"menu_order":0,"comment_status":"closed","ping_status":"closed","template":"elementor_header_footer","meta":{"footnotes":""},"class_list":["post-5729","page","type-page","status-publish","hentry"],"acf":[],"_links":{"self":[{"href":"https:\/\/www.nrkproperty.com\/th\/wp-json\/wp\/v2\/pages\/5729","targetHints":{"allow":["GET"]}}],"collection":[{"href":"https:\/\/www.nrkproperty.com\/th\/wp-json\/wp\/v2\/pages"}],"about":[{"href":"https:\/\/www.nrkproperty.com\/th\/wp-json\/wp\/v2\/types\/page"}],"author":[{"embeddable":true,"href":"https:\/\/www.nrkproperty.com\/th\/wp-json\/wp\/v2\/users\/3"}],"replies":[{"embeddable":true,"href":"https:\/\/www.nrkproperty.com\/th\/wp-json\/wp\/v2\/comments?post=5729"}],"version-history":[{"count":18,"href":"https:\/\/www.nrkproperty.com\/th\/wp-json\/wp\/v2\/pages\/5729\/revisions"}],"predecessor-version":[{"id":9825,"href":"https:\/\/www.nrkproperty.com\/th\/wp-json\/wp\/v2\/pages\/5729\/revisions\/9825"}],"wp:attachment":[{"href":"https:\/\/www.nrkproperty.com\/th\/wp-json\/wp\/v2\/media?parent=5729"}],"curies":[{"name":"wp","href":"https:\/\/api.w.org\/{rel}","templated":true}]}}